{"id":21,"date":"2025-06-02T10:54:23","date_gmt":"2025-06-02T08:54:23","guid":{"rendered":"https:\/\/enovitmestre.cat\/enovit-mestre-venda-dacid-tartaric-i-cremor-tartar-natural\/"},"modified":"2025-06-11T18:15:35","modified_gmt":"2025-06-11T16:15:35","slug":"enovit-mestre-venta-de-acido-tartarico-y-cremor-tartaro-natural","status":"publish","type":"page","link":"https:\/\/enovitmestre.cat\/es\/enovit-mestre-venta-de-acido-tartarico-y-cremor-tartaro-natural\/","title":{"rendered":"Enovit Mestre &#8211; Venta de \u00e1cido tart\u00e1rico y cr\u00e9mor t\u00e1rtaro natural"},"content":{"rendered":"\t\t<div data-elementor-type=\"wp-page\" data-elementor-id=\"21\" class=\"elementor elementor-21 elementor-19\" data-elementor-post-type=\"page\">\n\t\t\t\t<div class=\"elementor-element elementor-element-90be914 e-con-full elementor-hidden-mobile elementor-hidden-tablet e-flex e-con e-parent\" data-id=\"90be914\" data-element_type=\"container\">\n\t\t\t\t<div class=\"elementor-element elementor-element-172279b elementor-widget elementor-widget-html\" data-id=\"172279b\" data-element_type=\"widget\" data-widget_type=\"html.default\">\n\t\t\t\t<div class=\"elementor-widget-container\">\n\t\t\t\t\t<div class=\"kenburns-container\">\n  <img decoding=\"async\" src=\"https:\/\/enovitmestre.cat\/wp-content\/uploads\/2025\/06\/tractar-scaled-e1749225715379.jpg\" alt=\"Tartr\u00e0- Enovit Mestre\">\n<\/div>\t\t\t\t<\/div>\n\t\t\t\t<\/div>\n\t\t\t\t<\/div>\n\t\t<div class=\"elementor-element elementor-element-ba1c702 e-con-full elementor-hidden-desktop e-flex e-con e-parent\" data-id=\"ba1c702\" data-element_type=\"container\">\n\t\t\t\t<div class=\"elementor-element elementor-element-fc08fe0 elementor-widget elementor-widget-html\" data-id=\"fc08fe0\" data-element_type=\"widget\" data-widget_type=\"html.default\">\n\t\t\t\t<div class=\"elementor-widget-container\">\n\t\t\t\t\t<div class=\"kenburns-container\">\n  <img decoding=\"async\" src=\"https:\/\/enovitmestre.cat\/wp-content\/uploads\/2025\/06\/tartra_m.jpg\" alt=\"Tartr\u00e0- Enovit Mestre\">\n<\/div>\t\t\t\t<\/div>\n\t\t\t\t<\/div>\n\t\t\t\t<\/div>\n\t\t<div class=\"elementor-element elementor-element-61b2e2c e-flex e-con-boxed e-con e-parent\" data-id=\"61b2e2c\" data-element_type=\"container\" data-settings=\"{&quot;background_background&quot;:&quot;classic&quot;,&quot;shape_divider_bottom&quot;:&quot;triangle&quot;,&quot;shape_divider_bottom_negative&quot;:&quot;yes&quot;}\">\n\t\t\t\t\t<div class=\"e-con-inner\">\n\t\t\t\t<div class=\"elementor-shape elementor-shape-bottom\" aria-hidden=\"true\" data-negative=\"true\">\n\t\t\t<svg xmlns=\"http:\/\/www.w3.org\/2000\/svg\" viewBox=\"0 0 1000 100\" preserveAspectRatio=\"none\">\n\t<path class=\"elementor-shape-fill\" d=\"M500.2,94.7L0,0v100h1000V0L500.2,94.7z\"\/>\n<\/svg>\t\t<\/div>\n\t\t\t\t<div class=\"elementor-element elementor-element-137dc39 elementor-widget elementor-widget-heading\" data-id=\"137dc39\" data-element_type=\"widget\" data-widget_type=\"heading.default\">\n\t\t\t\t<div class=\"elementor-widget-container\">\n\t\t\t\t\t<h2 class=\"elementor-heading-title elementor-size-default\">Expertos en la venta de \u00e1cido tart\u00e1rico y cr\u00e9mor t\u00e1rtaro<\/h2>\t\t\t\t<\/div>\n\t\t\t\t<\/div>\n\t\t\t\t<div class=\"elementor-element elementor-element-1c0f5cf elementor-widget__width-initial elementor-widget elementor-widget-heading\" data-id=\"1c0f5cf\" data-element_type=\"widget\" data-widget_type=\"heading.default\">\n\t\t\t\t<div class=\"elementor-widget-container\">\n\t\t\t\t\t<h1 class=\"elementor-heading-title elementor-size-default\">Venta y distribuci\u00f3n en sacos de 25 kg y en palets de hasta 1000 kg<\/h1>\t\t\t\t<\/div>\n\t\t\t\t<\/div>\n\t\t\t\t\t<\/div>\n\t\t\t\t<\/div>\n\t\t<div class=\"elementor-element elementor-element-3e2f0bf e-flex e-con-boxed e-con e-parent\" data-id=\"3e2f0bf\" data-element_type=\"container\">\n\t\t\t\t\t<div class=\"e-con-inner\">\n\t\t<div class=\"elementor-element elementor-element-62cd7fc e-con-full e-flex e-con e-child\" data-id=\"62cd7fc\" data-element_type=\"container\">\n\t\t\t\t<div class=\"elementor-element elementor-element-24c749b elementor-widget elementor-widget-image\" data-id=\"24c749b\" data-element_type=\"widget\" data-widget_type=\"image.default\">\n\t\t\t\t<div class=\"elementor-widget-container\">\n\t\t\t\t\t\t\t\t\t\t\t\t\t\t\t<img fetchpriority=\"high\" decoding=\"async\" width=\"800\" height=\"533\" src=\"https:\/\/enovitmestre.cat\/wp-content\/uploads\/2025\/06\/furgoneta.jpg\" class=\"attachment-full size-full wp-image-611\" alt=\"\" srcset=\"https:\/\/enovitmestre.cat\/wp-content\/uploads\/2025\/06\/furgoneta.jpg 800w, https:\/\/enovitmestre.cat\/wp-content\/uploads\/2025\/06\/furgoneta-300x200.jpg 300w, https:\/\/enovitmestre.cat\/wp-content\/uploads\/2025\/06\/furgoneta-768x512.jpg 768w\" sizes=\"(max-width: 800px) 100vw, 800px\" \/>\t\t\t\t\t\t\t\t\t\t\t\t\t\t\t<\/div>\n\t\t\t\t<\/div>\n\t\t\t\t<\/div>\n\t\t<div class=\"elementor-element elementor-element-266fecc e-con-full e-flex e-con e-child\" data-id=\"266fecc\" data-element_type=\"container\">\n\t\t\t\t<div class=\"elementor-element elementor-element-3747e68 elementor-widget elementor-widget-text-editor\" data-id=\"3747e68\" data-element_type=\"widget\" data-widget_type=\"text-editor.default\">\n\t\t\t\t<div class=\"elementor-widget-container\">\n\t\t\t\t\t\t\t\t\t<p>En Enovit Mestre comercializamos \u00e1cido tart\u00e1rico natural y cr\u00e9mor t\u00e1rtaro natural, destinados a la industria enol\u00f3gica, alimentaria y farmac\u00e9utica. El \u00e1cido tart\u00e1rico se utiliza como acidificante natural, esencial en la correcci\u00f3n de la acidez en vinos y otros productos. El cr\u00e9mor t\u00e1rtaro, por su parte, act\u00faa como estabilizante y agente tecnol\u00f3gico, con aplicaciones diversas tanto en la elaboraci\u00f3n de vinos como en la producci\u00f3n de alimentos y medicamentos.<\/p>\n<p>Ofrecemos ambos productos en sacos de 25 kg y en palets de hasta 1.000 kg, garantizando un suministro \u00e1gil y adaptado a las necesidades de cada cliente.<\/p>\t\t\t\t\t\t\t\t<\/div>\n\t\t\t\t<\/div>\n\t\t\t\t<\/div>\n\t\t\t\t\t<\/div>\n\t\t\t\t<\/div>\n\t\t<div class=\"elementor-element elementor-element-aae4fae e-flex e-con-boxed e-con e-parent\" data-id=\"aae4fae\" data-element_type=\"container\" data-settings=\"{&quot;background_background&quot;:&quot;classic&quot;,&quot;shape_divider_bottom&quot;:&quot;triangle&quot;,&quot;shape_divider_bottom_negative&quot;:&quot;yes&quot;}\">\n\t\t\t\t\t<div class=\"e-con-inner\">\n\t\t\t\t<div class=\"elementor-shape elementor-shape-bottom\" aria-hidden=\"true\" data-negative=\"true\">\n\t\t\t<svg xmlns=\"http:\/\/www.w3.org\/2000\/svg\" viewBox=\"0 0 1000 100\" preserveAspectRatio=\"none\">\n\t<path class=\"elementor-shape-fill\" d=\"M500.2,94.7L0,0v100h1000V0L500.2,94.7z\"\/>\n<\/svg>\t\t<\/div>\n\t\t\t\t<div class=\"elementor-element elementor-element-c1caf28 elementor-widget elementor-widget-heading\" data-id=\"c1caf28\" data-element_type=\"widget\" data-widget_type=\"heading.default\">\n\t\t\t\t<div class=\"elementor-widget-container\">\n\t\t\t\t\t<h2 class=\"elementor-heading-title elementor-size-default\">Venta de tartrato natural, bitartrato y tartrato de calcio<\/h2>\t\t\t\t<\/div>\n\t\t\t\t<\/div>\n\t\t\t\t<div class=\"elementor-element elementor-element-a51c11c elementor-widget__width-initial elementor-widget elementor-widget-heading\" data-id=\"a51c11c\" data-element_type=\"widget\" data-widget_type=\"heading.default\">\n\t\t\t\t<div class=\"elementor-widget-container\">\n\t\t\t\t\t<h1 class=\"elementor-heading-title elementor-size-default\">Ofrecemos un trato muy cercano con las bodegas para una gesti\u00f3n c\u00f3moda y eficiente.<\/h1>\t\t\t\t<\/div>\n\t\t\t\t<\/div>\n\t\t\t\t\t<\/div>\n\t\t\t\t<\/div>\n\t\t<div class=\"elementor-element elementor-element-2809cb5 e-flex e-con-boxed e-con e-parent\" data-id=\"2809cb5\" data-element_type=\"container\" data-settings=\"{&quot;background_background&quot;:&quot;classic&quot;}\">\n\t\t\t\t\t<div class=\"e-con-inner\">\n\t\t<div class=\"elementor-element elementor-element-306d0d3 e-con-full e-flex e-con e-child\" data-id=\"306d0d3\" data-element_type=\"container\">\n\t\t\t\t<div class=\"elementor-element elementor-element-b8ea4e0 elementor-widget elementor-widget-image\" data-id=\"b8ea4e0\" data-element_type=\"widget\" data-widget_type=\"image.default\">\n\t\t\t\t<div class=\"elementor-widget-container\">\n\t\t\t\t\t\t\t\t\t\t\t\t\t\t\t<img decoding=\"async\" width=\"1280\" height=\"992\" src=\"https:\/\/enovitmestre.cat\/wp-content\/uploads\/2025\/06\/tartrat_calci.jpg\" class=\"attachment-full size-full wp-image-842\" alt=\"\" srcset=\"https:\/\/enovitmestre.cat\/wp-content\/uploads\/2025\/06\/tartrat_calci.jpg 1280w, https:\/\/enovitmestre.cat\/wp-content\/uploads\/2025\/06\/tartrat_calci-300x233.jpg 300w, https:\/\/enovitmestre.cat\/wp-content\/uploads\/2025\/06\/tartrat_calci-1024x794.jpg 1024w, https:\/\/enovitmestre.cat\/wp-content\/uploads\/2025\/06\/tartrat_calci-768x595.jpg 768w\" sizes=\"(max-width: 1280px) 100vw, 1280px\" \/>\t\t\t\t\t\t\t\t\t\t\t\t\t\t\t<\/div>\n\t\t\t\t<\/div>\n\t\t\t\t<\/div>\n\t\t<div class=\"elementor-element elementor-element-f7dbcf9 e-con-full e-flex e-con e-child\" data-id=\"f7dbcf9\" data-element_type=\"container\">\n\t\t\t\t<div class=\"elementor-element elementor-element-3a79eba elementor-widget elementor-widget-heading\" data-id=\"3a79eba\" data-element_type=\"widget\" data-widget_type=\"heading.default\">\n\t\t\t\t<div class=\"elementor-widget-container\">\n\t\t\t\t\t<h2 class=\"elementor-heading-title elementor-size-default\">\u00c1cido tart\u00e1rico natural<\/h2>\t\t\t\t<\/div>\n\t\t\t\t<\/div>\n\t\t\t\t<div class=\"elementor-element elementor-element-03b31ae elementor-widget elementor-widget-text-editor\" data-id=\"03b31ae\" data-element_type=\"widget\" data-widget_type=\"text-editor.default\">\n\t\t\t\t<div class=\"elementor-widget-container\">\n\t\t\t\t\t\t\t\t\t<p>El \u00e1cido tart\u00e1rico natural es un \u00e1cido org\u00e1nico de origen vegetal que se forma de manera natural durante la maduraci\u00f3n de la uva y se concentra durante el proceso de elaboraci\u00f3n del vino. En Enovit Mestre lo recuperamos a partir de materias tart\u00e1ricas y lo comercializamos como un acidificante natural de alta calidad, especialmente valorado por su pureza, estabilidad y origen sostenible.<\/p>\n<p>Este \u00e1cido es ampliamente utilizado en la industria enol\u00f3gica, donde desempe\u00f1a un papel esencial en la correcci\u00f3n de la acidez, la estabilizaci\u00f3n y el equilibrio organol\u00e9ptico del vino. En la industria alimentaria, se usa como acidulante en bebidas, caramelos, productos de panader\u00eda y conservas, gracias a su capacidad para regular el pH y potenciar los sabores. Tambi\u00e9n es habitual en la industria farmac\u00e9utica, donde act\u00faa como corrector de acidez y agente efervescente en la formulaci\u00f3n de medicamentos.<\/p>\n<p>En Enovit Mestre ofrecemos el \u00e1cido tart\u00e1rico natural en sacos de 25 kg y en palets de hasta 1.000 kg, con un servicio log\u00edstico \u00e1gil y adaptado a cada cliente.<\/p>\t\t\t\t\t\t\t\t<\/div>\n\t\t\t\t<\/div>\n\t\t\t\t<\/div>\n\t\t\t\t\t<\/div>\n\t\t\t\t<\/div>\n\t\t<div class=\"elementor-element elementor-element-94c8f86 e-flex e-con-boxed e-con e-parent\" data-id=\"94c8f86\" data-element_type=\"container\">\n\t\t\t\t\t<div class=\"e-con-inner\">\n\t\t<div class=\"elementor-element elementor-element-84499d6 e-con-full e-flex e-con e-child\" data-id=\"84499d6\" data-element_type=\"container\">\n\t\t\t\t<div class=\"elementor-element elementor-element-c6f1c3b e-transform elementor-widget elementor-widget-image\" data-id=\"c6f1c3b\" data-element_type=\"widget\" data-settings=\"{&quot;_transform_flipX_effect&quot;:&quot;transform&quot;}\" data-widget_type=\"image.default\">\n\t\t\t\t<div class=\"elementor-widget-container\">\n\t\t\t\t\t\t\t\t\t\t\t\t\t\t\t<img decoding=\"async\" width=\"1280\" height=\"992\" src=\"https:\/\/enovitmestre.cat\/wp-content\/uploads\/2025\/06\/tartrat_calci.jpg\" class=\"attachment-full size-full wp-image-842\" alt=\"\" srcset=\"https:\/\/enovitmestre.cat\/wp-content\/uploads\/2025\/06\/tartrat_calci.jpg 1280w, https:\/\/enovitmestre.cat\/wp-content\/uploads\/2025\/06\/tartrat_calci-300x233.jpg 300w, https:\/\/enovitmestre.cat\/wp-content\/uploads\/2025\/06\/tartrat_calci-1024x794.jpg 1024w, https:\/\/enovitmestre.cat\/wp-content\/uploads\/2025\/06\/tartrat_calci-768x595.jpg 768w\" sizes=\"(max-width: 1280px) 100vw, 1280px\" \/>\t\t\t\t\t\t\t\t\t\t\t\t\t\t\t<\/div>\n\t\t\t\t<\/div>\n\t\t\t\t<\/div>\n\t\t<div class=\"elementor-element elementor-element-18eaada e-con-full e-flex e-con e-child\" data-id=\"18eaada\" data-element_type=\"container\">\n\t\t\t\t<div class=\"elementor-element elementor-element-2c22e04 elementor-widget elementor-widget-heading\" data-id=\"2c22e04\" data-element_type=\"widget\" data-widget_type=\"heading.default\">\n\t\t\t\t<div class=\"elementor-widget-container\">\n\t\t\t\t\t<h2 class=\"elementor-heading-title elementor-size-default\">Cr\u00e9mor t\u00e1rtaro natural<\/h2>\t\t\t\t<\/div>\n\t\t\t\t<\/div>\n\t\t\t\t<div class=\"elementor-element elementor-element-3ae752c elementor-widget elementor-widget-text-editor\" data-id=\"3ae752c\" data-element_type=\"widget\" data-widget_type=\"text-editor.default\">\n\t\t\t\t<div class=\"elementor-widget-container\">\n\t\t\t\t\t\t\t\t\t<p>El cr\u00e9mor t\u00e1rtaro natural, tambi\u00e9n conocido como bitartrato pot\u00e1sico, es un subproducto obtenido de manera natural durante el proceso de elaboraci\u00f3n del vino. En Enovit Mestre lo recuperamos y seleccionamos para ofrecerlo como un estabilizador de origen natural, especialmente valorado por su pureza y sostenibilidad.<\/p>\n<p>Este producto se utiliza ampliamente en la industria vin\u00edcola, donde act\u00faa como agente estabilizador para controlar la precipitaci\u00f3n de bitartratos en el vino embotellado. En la industria alimentaria, el cr\u00e9mor t\u00e1rtaro se usa como gasificante y emulsionante, a menudo combinado con bicarbonato para elaborar levaduras qu\u00edmicas, as\u00ed como para evitar la cristalizaci\u00f3n de az\u00facares en confiter\u00eda y jarabes. Adem\u00e1s, en la industria farmac\u00e9utica, se emplea como excipiente y agente regulador de pH en diversas formulaciones.<\/p>\n<p>En Enovit Mestre lo comercializamos en sacos de 25 kg y en palets de hasta 1.000 kg, con una log\u00edstica flexible y adaptada a las necesidades de cada cliente.de cada client.<\/p>\t\t\t\t\t\t\t\t<\/div>\n\t\t\t\t<\/div>\n\t\t\t\t<\/div>\n\t\t\t\t\t<\/div>\n\t\t\t\t<\/div>\n\t\t<div class=\"elementor-element elementor-element-8084c3f e-flex e-con-boxed e-con e-parent\" data-id=\"8084c3f\" data-element_type=\"container\" data-settings=\"{&quot;background_background&quot;:&quot;classic&quot;,&quot;shape_divider_bottom&quot;:&quot;triangle&quot;,&quot;shape_divider_bottom_negative&quot;:&quot;yes&quot;}\">\n\t\t\t\t\t<div class=\"e-con-inner\">\n\t\t\t\t<div class=\"elementor-shape elementor-shape-bottom\" aria-hidden=\"true\" data-negative=\"true\">\n\t\t\t<svg xmlns=\"http:\/\/www.w3.org\/2000\/svg\" viewBox=\"0 0 1000 100\" preserveAspectRatio=\"none\">\n\t<path class=\"elementor-shape-fill\" d=\"M500.2,94.7L0,0v100h1000V0L500.2,94.7z\"\/>\n<\/svg>\t\t<\/div>\n\t\t\t\t<div class=\"elementor-element elementor-element-a9a6b39 elementor-widget elementor-widget-heading\" data-id=\"a9a6b39\" data-element_type=\"widget\" data-widget_type=\"heading.default\">\n\t\t\t\t<div class=\"elementor-widget-container\">\n\t\t\t\t\t<h2 class=\"elementor-heading-title elementor-size-default\">Contacta con nosotros para obtener m\u00e1s informaci\u00f3n<\/h2>\t\t\t\t<\/div>\n\t\t\t\t<\/div>\n\t\t\t\t<div class=\"elementor-element elementor-element-25db468 elementor-widget__width-initial elementor-widget elementor-widget-heading\" data-id=\"25db468\" data-element_type=\"widget\" data-widget_type=\"heading.default\">\n\t\t\t\t<div class=\"elementor-widget-container\">\n\t\t\t\t\t<h1 class=\"elementor-heading-title elementor-size-default\">Compramos y recogemos materias tart\u00e1ricas de bodegas en toda Catalu\u00f1a<\/h1>\t\t\t\t<\/div>\n\t\t\t\t<\/div>\n\t\t\t\t\t<\/div>\n\t\t\t\t<\/div>\n\t\t<div class=\"elementor-element elementor-element-f2d4487 e-flex e-con-boxed e-con e-parent\" data-id=\"f2d4487\" data-element_type=\"container\" data-settings=\"{&quot;background_background&quot;:&quot;classic&quot;}\">\n\t\t\t\t\t<div class=\"e-con-inner\">\n\t\t\t\t<div class=\"elementor-element elementor-element-36316ee elementor-button-align-stretch elementor-widget elementor-widget-form\" data-id=\"36316ee\" data-element_type=\"widget\" data-settings=\"{&quot;step_next_label&quot;:&quot;Next&quot;,&quot;step_previous_label&quot;:&quot;Previous&quot;,&quot;button_width&quot;:&quot;100&quot;,&quot;step_type&quot;:&quot;number_text&quot;,&quot;step_icon_shape&quot;:&quot;circle&quot;}\" data-widget_type=\"form.default\">\n\t\t\t\t<div class=\"elementor-widget-container\">\n\t\t\t\t\t\t\t<form class=\"elementor-form\" method=\"post\" name=\"Nou formulari\">\n\t\t\t<input type=\"hidden\" name=\"post_id\" value=\"21\"\/>\n\t\t\t<input type=\"hidden\" name=\"form_id\" value=\"36316ee\"\/>\n\t\t\t<input type=\"hidden\" name=\"referer_title\" value=\"Enovit Mestre - Venta de \u00e1cido tart\u00e1rico y cr\u00e9mor t\u00e1rtaro natural - Enovit Mestre\" \/>\n\n\t\t\t\t\t\t\t<input type=\"hidden\" name=\"queried_id\" value=\"21\"\/>\n\t\t\t\n\t\t\t<div class=\"elementor-form-fields-wrapper elementor-labels-\">\n\t\t\t\t\t\t\t\t<div class=\"elementor-field-type-text elementor-field-group elementor-column elementor-field-group-name elementor-col-50 elementor-field-required\">\n\t\t\t\t\t\t\t\t\t\t\t\t<label for=\"form-field-name\" class=\"elementor-field-label elementor-screen-only\">\n\t\t\t\t\t\t\t\tNom i cognoms\t\t\t\t\t\t\t<\/label>\n\t\t\t\t\t\t\t\t\t\t\t\t\t\t<input size=\"1\" type=\"text\" name=\"form_fields[name]\" id=\"form-field-name\" class=\"elementor-field elementor-size-lg  elementor-field-textual\" placeholder=\"Nombre y apellidos\" required=\"required\">\n\t\t\t\t\t\t\t\t\t\t\t<\/div>\n\t\t\t\t\t\t\t\t<div class=\"elementor-field-type-text elementor-field-group elementor-column elementor-field-group-field_9fc2567 elementor-col-50 elementor-field-required\">\n\t\t\t\t\t\t\t\t\t\t\t\t<label for=\"form-field-field_9fc2567\" class=\"elementor-field-label elementor-screen-only\">\n\t\t\t\t\t\t\t\tPoblaci\u00f3\t\t\t\t\t\t\t<\/label>\n\t\t\t\t\t\t\t\t\t\t\t\t\t\t<input size=\"1\" type=\"text\" name=\"form_fields[field_9fc2567]\" id=\"form-field-field_9fc2567\" class=\"elementor-field elementor-size-lg  elementor-field-textual\" placeholder=\"Poblaci\u00f3n\" required=\"required\">\n\t\t\t\t\t\t\t\t\t\t\t<\/div>\n\t\t\t\t\t\t\t\t<div class=\"elementor-field-type-text elementor-field-group elementor-column elementor-field-group-field_e169ad3 elementor-col-50 elementor-field-required\">\n\t\t\t\t\t\t\t\t\t\t\t\t<label for=\"form-field-field_e169ad3\" class=\"elementor-field-label elementor-screen-only\">\n\t\t\t\t\t\t\t\tTel\u00e8fon\t\t\t\t\t\t\t<\/label>\n\t\t\t\t\t\t\t\t\t\t\t\t\t\t<input size=\"1\" type=\"text\" name=\"form_fields[field_e169ad3]\" id=\"form-field-field_e169ad3\" class=\"elementor-field elementor-size-lg  elementor-field-textual\" placeholder=\"Tel\u00e9fono\" required=\"required\">\n\t\t\t\t\t\t\t\t\t\t\t<\/div>\n\t\t\t\t\t\t\t\t<div class=\"elementor-field-type-email elementor-field-group elementor-column elementor-field-group-email elementor-col-50 elementor-field-required\">\n\t\t\t\t\t\t\t\t\t\t\t\t<label for=\"form-field-email\" class=\"elementor-field-label elementor-screen-only\">\n\t\t\t\t\t\t\t\tCorreu electr\u00f2nic\t\t\t\t\t\t\t<\/label>\n\t\t\t\t\t\t\t\t\t\t\t\t\t\t<input size=\"1\" type=\"email\" name=\"form_fields[email]\" id=\"form-field-email\" class=\"elementor-field elementor-size-lg  elementor-field-textual\" placeholder=\"Correo electr\u00f3nico\" required=\"required\">\n\t\t\t\t\t\t\t\t\t\t\t<\/div>\n\t\t\t\t\t\t\t\t<div class=\"elementor-field-type-textarea elementor-field-group elementor-column elementor-field-group-message elementor-col-100\">\n\t\t\t\t\t\t\t\t\t\t\t\t<label for=\"form-field-message\" class=\"elementor-field-label elementor-screen-only\">\n\t\t\t\t\t\t\t\tMissatge \t\t\t\t\t\t\t<\/label>\n\t\t\t\t\t\t<textarea class=\"elementor-field-textual elementor-field  elementor-size-lg\" name=\"form_fields[message]\" id=\"form-field-message\" rows=\"4\" placeholder=\"Mensaje \"><\/textarea>\t\t\t\t<\/div>\n\t\t\t\t\t\t\t\t<div class=\"elementor-field-type-acceptance elementor-field-group elementor-column elementor-field-group-field_03c618f elementor-col-100\">\n\t\t\t\t\t\t\t<div class=\"elementor-field-subgroup\">\n\t\t\t<span class=\"elementor-field-option\">\n\t\t\t\t<input type=\"checkbox\" name=\"form_fields[field_03c618f]\" id=\"form-field-field_03c618f\" class=\"elementor-field elementor-size-lg  elementor-acceptance-field\">\n\t\t\t\t<label for=\"form-field-field_03c618f\">Acepto la pol\u00edtica de privacidad especificada en el documento de <a href=\"https:\/\/enovitmestre.cat\/es\/politica-de-privacidad-y-proteccion-de-datos\/\" target=\"_blank\">Pol\u00edtica de privacidad y protecci\u00f3n de datos<\/a><\/label>\t\t\t<\/span>\n\t\t<\/div>\n\t\t\t\t\t\t<\/div>\n\t\t\t\t\t\t\t\t<div class=\"elementor-field-type-recaptcha_v3 elementor-field-group elementor-column elementor-field-group-field_7dd78c7 elementor-col-100 recaptcha_v3-bottomright\">\n\t\t\t\t\t<div class=\"elementor-field\" id=\"form-field-field_7dd78c7\"><div class=\"elementor-g-recaptcha\" data-sitekey=\"6LexmVcrAAAAAO7tQzj9AvLa-FVz8y-fT98GVRdf\" data-type=\"v3\" data-action=\"Form\" data-badge=\"bottomright\" data-size=\"invisible\"><\/div><\/div>\t\t\t\t<\/div>\n\t\t\t\t\t\t\t\t<div class=\"elementor-field-group elementor-column elementor-field-type-submit elementor-col-100 e-form__buttons\">\n\t\t\t\t\t<button class=\"elementor-button elementor-size-md\" type=\"submit\">\n\t\t\t\t\t\t<span class=\"elementor-button-content-wrapper\">\n\t\t\t\t\t\t\t\t\t\t\t\t\t\t\t\t\t\t\t\t\t\t<span class=\"elementor-button-text\">Enviar<\/span>\n\t\t\t\t\t\t\t\t\t\t\t\t\t<\/span>\n\t\t\t\t\t<\/button>\n\t\t\t\t<\/div>\n\t\t\t<\/div>\n\t\t<\/form>\n\t\t\t\t\t\t<\/div>\n\t\t\t\t<\/div>\n\t\t\t\t\t<\/div>\n\t\t\t\t<\/div>\n\t\t\t\t<\/div>\n\t\t","protected":false},"excerpt":{"rendered":"<p>Expertos en la venta de \u00e1cido tart\u00e1rico y cr\u00e9mor t\u00e1rtaro Venta y distribuci\u00f3n en sacos de 25 kg y en palets de hasta 1000 kg En Enovit Mestre comercializamos \u00e1cido tart\u00e1rico natural y cr\u00e9mor t\u00e1rtaro natural, destinados a la industria enol\u00f3gica, alimentaria y farmac\u00e9utica. El \u00e1cido tart\u00e1rico se utiliza como acidificante natural, esencial en la [&hellip;]<\/p>\n","protected":false},"author":1,"featured_media":0,"parent":0,"menu_order":3,"comment_status":"closed","ping_status":"closed","template":"","meta":{"footnotes":""},"class_list":["post-21","page","type-page","status-publish","hentry"],"_links":{"self":[{"href":"https:\/\/enovitmestre.cat\/es\/wp-json\/wp\/v2\/pages\/21","targetHints":{"allow":["GET"]}}],"collection":[{"href":"https:\/\/enovitmestre.cat\/es\/wp-json\/wp\/v2\/pages"}],"about":[{"href":"https:\/\/enovitmestre.cat\/es\/wp-json\/wp\/v2\/types\/page"}],"author":[{"embeddable":true,"href":"https:\/\/enovitmestre.cat\/es\/wp-json\/wp\/v2\/users\/1"}],"replies":[{"embeddable":true,"href":"https:\/\/enovitmestre.cat\/es\/wp-json\/wp\/v2\/comments?post=21"}],"version-history":[{"count":29,"href":"https:\/\/enovitmestre.cat\/es\/wp-json\/wp\/v2\/pages\/21\/revisions"}],"predecessor-version":[{"id":885,"href":"https:\/\/enovitmestre.cat\/es\/wp-json\/wp\/v2\/pages\/21\/revisions\/885"}],"wp:attachment":[{"href":"https:\/\/enovitmestre.cat\/es\/wp-json\/wp\/v2\/media?parent=21"}],"curies":[{"name":"wp","href":"https:\/\/api.w.org\/{rel}","templated":true}]}}