{"id":39,"date":"2025-06-02T11:13:17","date_gmt":"2025-06-02T09:13:17","guid":{"rendered":"https:\/\/enovitmestre.cat\/mapa-web\/"},"modified":"2025-06-02T12:36:57","modified_gmt":"2025-06-02T10:36:57","slug":"mapa-web","status":"publish","type":"page","link":"https:\/\/enovitmestre.cat\/es\/mapa-web\/","title":{"rendered":"Mapa web"},"content":{"rendered":"\t\t<div data-elementor-type=\"wp-page\" data-elementor-id=\"39\" class=\"elementor elementor-39 elementor-37\" data-elementor-post-type=\"page\">\n\t\t\t\t<div class=\"elementor-element elementor-element-831fbce e-flex e-con-boxed e-con e-parent\" data-id=\"831fbce\" data-element_type=\"container\" data-settings=\"{&quot;background_background&quot;:&quot;classic&quot;}\">\n\t\t\t\t\t<div class=\"e-con-inner\">\n\t\t\t\t<div class=\"elementor-element elementor-element-f4154e7 elementor-widget elementor-widget-heading\" data-id=\"f4154e7\" data-element_type=\"widget\" data-widget_type=\"heading.default\">\n\t\t\t\t<div class=\"elementor-widget-container\">\n\t\t\t\t\t<h2 class=\"elementor-heading-title elementor-size-default\">MAPA DEL SITIO WEB<\/h2>\t\t\t\t<\/div>\n\t\t\t\t<\/div>\n\t\t\t\t\t<\/div>\n\t\t\t\t<\/div>\n\t\t<div class=\"elementor-element elementor-element-e3270cc e-flex e-con-boxed e-con e-parent\" data-id=\"e3270cc\" data-element_type=\"container\">\n\t\t\t\t\t<div class=\"e-con-inner\">\n\t\t\t\t<div class=\"elementor-element elementor-element-fc91ef0 elementor-widget elementor-widget-sitemap\" data-id=\"fc91ef0\" data-element_type=\"widget\" data-widget_type=\"sitemap.default\">\n\t\t\t\t<div class=\"elementor-widget-container\">\n\t\t\t\t\t<div class=\"elementor-sitemap-wrap\"><div class=\"elementor-sitemap-section\"><h2 class=\"elementor-sitemap-title elementor-sitemap-page-title\">P\u00e1ginas<\/h2><ul class=\"elementor-sitemap-list elementor-sitemap-page-list\"><li class=\"elementor-sitemap-item elementor-sitemap-item-page page_item page-item-15\"><a href=\"https:\/\/enovitmestre.cat\/es\/\">Enovit Mestre Mat\u00e8ries Tart\u00e0riques<\/a><\/li><li class=\"elementor-sitemap-item elementor-sitemap-item-page page_item page-item-45\"><a href=\"https:\/\/enovitmestre.cat\/es\/enovit-mestre-compra-de-tartrato-natural-cristales-de-bitartrato\/\">Enovit Mestre &#8211; Compra de tartrato natural, cristales de bitartrato<\/a><\/li><li class=\"elementor-sitemap-item elementor-sitemap-item-page page_item page-item-21\"><a href=\"https:\/\/enovitmestre.cat\/es\/enovit-mestre-venta-de-acido-tartarico-y-cremor-tartaro-natural\/\">Enovit Mestre &#8211; Venta de \u00e1cido tart\u00e1rico y cr\u00e9mor t\u00e1rtaro natural<\/a><\/li><li class=\"elementor-sitemap-item elementor-sitemap-item-page page_item page-item-70\"><a href=\"https:\/\/enovitmestre.cat\/es\/enovit-mestre-contacto\/\">Enovit Mestre &#8211; Contacto<\/a><\/li><li class=\"elementor-sitemap-item elementor-sitemap-item-page page_item page-item-27\"><a href=\"https:\/\/enovitmestre.cat\/es\/aviso-legal\/\">Aviso legal<\/a><\/li><li class=\"elementor-sitemap-item elementor-sitemap-item-page page_item page-item-30\"><a href=\"https:\/\/enovitmestre.cat\/es\/politica-de-privacidad-y-proteccion-de-datos\/\">Pol\u00edtica de privacidad y protecci\u00f3n de datos<\/a><\/li><li class=\"elementor-sitemap-item elementor-sitemap-item-page page_item page-item-33\"><a href=\"https:\/\/enovitmestre.cat\/es\/politica-de-cookies\/\">Pol\u00edtica de cookies<\/a><\/li><li class=\"elementor-sitemap-item elementor-sitemap-item-page page_item page-item-36\"><a href=\"https:\/\/enovitmestre.cat\/es\/accesibilidad\/\">Accesibilidad<\/a><\/li><li class=\"elementor-sitemap-item elementor-sitemap-item-page page_item page-item-39\"><a href=\"https:\/\/enovitmestre.cat\/es\/mapa-web\/\">Mapa web<\/a><\/li><\/ul><\/div><\/div>\t\t\t\t<\/div>\n\t\t\t\t<\/div>\n\t\t\t\t\t<\/div>\n\t\t\t\t<\/div>\n\t\t\t\t<\/div>\n\t\t","protected":false},"excerpt":{"rendered":"<p>MAPA DEL SITIO WEB<\/p>\n","protected":false},"author":1,"featured_media":0,"parent":0,"menu_order":24,"comment_status":"closed","ping_status":"closed","template":"","meta":{"footnotes":""},"class_list":["post-39","page","type-page","status-publish","hentry"],"_links":{"self":[{"href":"https:\/\/enovitmestre.cat\/es\/wp-json\/wp\/v2\/pages\/39","targetHints":{"allow":["GET"]}}],"collection":[{"href":"https:\/\/enovitmestre.cat\/es\/wp-json\/wp\/v2\/pages"}],"about":[{"href":"https:\/\/enovitmestre.cat\/es\/wp-json\/wp\/v2\/types\/page"}],"author":[{"embeddable":true,"href":"https:\/\/enovitmestre.cat\/es\/wp-json\/wp\/v2\/users\/1"}],"replies":[{"embeddable":true,"href":"https:\/\/enovitmestre.cat\/es\/wp-json\/wp\/v2\/comments?post=39"}],"version-history":[{"count":7,"href":"https:\/\/enovitmestre.cat\/es\/wp-json\/wp\/v2\/pages\/39\/revisions"}],"predecessor-version":[{"id":145,"href":"https:\/\/enovitmestre.cat\/es\/wp-json\/wp\/v2\/pages\/39\/revisions\/145"}],"wp:attachment":[{"href":"https:\/\/enovitmestre.cat\/es\/wp-json\/wp\/v2\/media?parent=39"}],"curies":[{"name":"wp","href":"https:\/\/api.w.org\/{rel}","templated":true}]}}