{"id":45,"date":"2025-06-02T10:52:52","date_gmt":"2025-06-02T08:52:52","guid":{"rendered":"https:\/\/enovitmestre.cat\/enovit-mestre-compra-de-tartra-natural-cristalls-de-bitartrat-i-les-mares\/"},"modified":"2025-06-11T18:34:57","modified_gmt":"2025-06-11T16:34:57","slug":"enovit-mestre-compra-de-tartrato-natural-cristales-de-bitartrato","status":"publish","type":"page","link":"https:\/\/enovitmestre.cat\/es\/enovit-mestre-compra-de-tartrato-natural-cristales-de-bitartrato\/","title":{"rendered":"Enovit Mestre &#8211; Compra de tartrato natural, cristales de bitartrato"},"content":{"rendered":"\t\t<div data-elementor-type=\"wp-page\" data-elementor-id=\"45\" class=\"elementor elementor-45 elementor-17\" data-elementor-post-type=\"page\">\n\t\t\t\t<div class=\"elementor-element elementor-element-64bf72b e-con-full elementor-hidden-mobile elementor-hidden-tablet e-flex e-con e-parent\" data-id=\"64bf72b\" data-element_type=\"container\">\n\t\t\t\t<div class=\"elementor-element elementor-element-092e536 elementor-widget elementor-widget-html\" data-id=\"092e536\" data-element_type=\"widget\" data-widget_type=\"html.default\">\n\t\t\t\t<div class=\"elementor-widget-container\">\n\t\t\t\t\t<div class=\"kenburns-container\">\n  <img decoding=\"async\" src=\"https:\/\/enovitmestre.cat\/wp-content\/uploads\/2025\/06\/tartra_c-scaled-e1749225651509.jpg\" alt=\"Tartr\u00e0- Enovit Mestre\">\n<\/div>\t\t\t\t<\/div>\n\t\t\t\t<\/div>\n\t\t\t\t<\/div>\n\t\t<div class=\"elementor-element elementor-element-fa3d018 e-con-full elementor-hidden-desktop e-flex e-con e-parent\" data-id=\"fa3d018\" data-element_type=\"container\">\n\t\t\t\t<div class=\"elementor-element elementor-element-dbe8461 elementor-widget elementor-widget-html\" data-id=\"dbe8461\" data-element_type=\"widget\" data-widget_type=\"html.default\">\n\t\t\t\t<div class=\"elementor-widget-container\">\n\t\t\t\t\t<div class=\"kenburns-container\">\n  <img decoding=\"async\" src=\"https:\/\/enovitmestre.cat\/wp-content\/uploads\/2025\/06\/tartra_c_m.jpg\" alt=\"Tartr\u00e0- Enovit Mestre\">\n<\/div>\t\t\t\t<\/div>\n\t\t\t\t<\/div>\n\t\t\t\t<\/div>\n\t\t<div class=\"elementor-element elementor-element-300f4f3 e-flex e-con-boxed e-con e-parent\" data-id=\"300f4f3\" data-element_type=\"container\" data-settings=\"{&quot;background_background&quot;:&quot;classic&quot;,&quot;shape_divider_bottom&quot;:&quot;triangle&quot;,&quot;shape_divider_bottom_negative&quot;:&quot;yes&quot;}\">\n\t\t\t\t\t<div class=\"e-con-inner\">\n\t\t\t\t<div class=\"elementor-shape elementor-shape-bottom\" aria-hidden=\"true\" data-negative=\"true\">\n\t\t\t<svg xmlns=\"http:\/\/www.w3.org\/2000\/svg\" viewBox=\"0 0 1000 100\" preserveAspectRatio=\"none\">\n\t<path class=\"elementor-shape-fill\" d=\"M500.2,94.7L0,0v100h1000V0L500.2,94.7z\"\/>\n<\/svg>\t\t<\/div>\n\t\t\t\t<div class=\"elementor-element elementor-element-d7a47a8 elementor-widget elementor-widget-heading\" data-id=\"d7a47a8\" data-element_type=\"widget\" data-widget_type=\"heading.default\">\n\t\t\t\t<div class=\"elementor-widget-container\">\n\t\t\t\t\t<h2 class=\"elementor-heading-title elementor-size-default\">Expertos en la gesti\u00f3n de materias tart\u00e1ricas<\/h2>\t\t\t\t<\/div>\n\t\t\t\t<\/div>\n\t\t\t\t<div class=\"elementor-element elementor-element-5b34ce4 elementor-widget__width-initial elementor-widget elementor-widget-heading\" data-id=\"5b34ce4\" data-element_type=\"widget\" data-widget_type=\"heading.default\">\n\t\t\t\t<div class=\"elementor-widget-container\">\n\t\t\t\t\t<h1 class=\"elementor-heading-title elementor-size-default\">Gestionamos el almacenamiento y la recogida en vuestra bodega<\/h1>\t\t\t\t<\/div>\n\t\t\t\t<\/div>\n\t\t\t\t\t<\/div>\n\t\t\t\t<\/div>\n\t\t<div class=\"elementor-element elementor-element-65f3998 e-flex e-con-boxed e-con e-parent\" data-id=\"65f3998\" data-element_type=\"container\">\n\t\t\t\t\t<div class=\"e-con-inner\">\n\t\t<div class=\"elementor-element elementor-element-946f955 e-con-full e-flex e-con e-child\" data-id=\"946f955\" data-element_type=\"container\">\n\t\t\t\t<div class=\"elementor-element elementor-element-1702f4d elementor-widget elementor-widget-image\" data-id=\"1702f4d\" data-element_type=\"widget\" data-widget_type=\"image.default\">\n\t\t\t\t<div class=\"elementor-widget-container\">\n\t\t\t\t\t\t\t\t\t\t\t\t\t\t\t<img fetchpriority=\"high\" decoding=\"async\" width=\"800\" height=\"533\" src=\"https:\/\/enovitmestre.cat\/wp-content\/uploads\/2025\/06\/furgoneta.jpg\" class=\"attachment-full size-full wp-image-611\" alt=\"\" srcset=\"https:\/\/enovitmestre.cat\/wp-content\/uploads\/2025\/06\/furgoneta.jpg 800w, https:\/\/enovitmestre.cat\/wp-content\/uploads\/2025\/06\/furgoneta-300x200.jpg 300w, https:\/\/enovitmestre.cat\/wp-content\/uploads\/2025\/06\/furgoneta-768x512.jpg 768w\" sizes=\"(max-width: 800px) 100vw, 800px\" \/>\t\t\t\t\t\t\t\t\t\t\t\t\t\t\t<\/div>\n\t\t\t\t<\/div>\n\t\t\t\t<\/div>\n\t\t<div class=\"elementor-element elementor-element-7227810 e-con-full e-flex e-con e-child\" data-id=\"7227810\" data-element_type=\"container\">\n\t\t\t\t<div class=\"elementor-element elementor-element-982ac3d elementor-widget elementor-widget-text-editor\" data-id=\"982ac3d\" data-element_type=\"widget\" data-widget_type=\"text-editor.default\">\n\t\t\t\t<div class=\"elementor-widget-container\">\n\t\t\t\t\t\t\t\t\t<p>En Enovit Mestre ofrecemos un servicio completo de gesti\u00f3n de materias tart\u00e1ricas, adaptado a las necesidades de las bodegas. Suministramos dep\u00f3sitos a medida para facilitar la recogida directa de los subproductos: contenedores IBC de 1.000 litros para formatos l\u00edquidos y box de 500 kg para s\u00f3lidos.<\/p><p>Una vez llenos, nos encargamos de la recogida r\u00e1pida en 24 horas, con furgoneta o cami\u00f3n seg\u00fan el volumen, para garantizar una log\u00edstica eficiente y \u00e1gil. Posteriormente, llevamos a cabo la gesti\u00f3n y selecci\u00f3n del material recogido, asegurando su correcto tratamiento.<\/p>\t\t\t\t\t\t\t\t<\/div>\n\t\t\t\t<\/div>\n\t\t\t\t<\/div>\n\t\t\t\t\t<\/div>\n\t\t\t\t<\/div>\n\t\t<div class=\"elementor-element elementor-element-96abd4f e-flex e-con-boxed e-con e-parent\" data-id=\"96abd4f\" data-element_type=\"container\" data-settings=\"{&quot;background_background&quot;:&quot;classic&quot;,&quot;shape_divider_bottom&quot;:&quot;triangle&quot;,&quot;shape_divider_bottom_negative&quot;:&quot;yes&quot;}\">\n\t\t\t\t\t<div class=\"e-con-inner\">\n\t\t\t\t<div class=\"elementor-shape elementor-shape-bottom\" aria-hidden=\"true\" data-negative=\"true\">\n\t\t\t<svg xmlns=\"http:\/\/www.w3.org\/2000\/svg\" viewBox=\"0 0 1000 100\" preserveAspectRatio=\"none\">\n\t<path class=\"elementor-shape-fill\" d=\"M500.2,94.7L0,0v100h1000V0L500.2,94.7z\"\/>\n<\/svg>\t\t<\/div>\n\t\t\t\t<div class=\"elementor-element elementor-element-80a5401 elementor-widget elementor-widget-heading\" data-id=\"80a5401\" data-element_type=\"widget\" data-widget_type=\"heading.default\">\n\t\t\t\t<div class=\"elementor-widget-container\">\n\t\t\t\t\t<h2 class=\"elementor-heading-title elementor-size-default\">Compra de tartrato natural, bitartrato y tartrato de calcio<\/h2>\t\t\t\t<\/div>\n\t\t\t\t<\/div>\n\t\t\t\t<div class=\"elementor-element elementor-element-6b22578 elementor-widget__width-initial elementor-widget elementor-widget-heading\" data-id=\"6b22578\" data-element_type=\"widget\" data-widget_type=\"heading.default\">\n\t\t\t\t<div class=\"elementor-widget-container\">\n\t\t\t\t\t<h1 class=\"elementor-heading-title elementor-size-default\">Ofrecemos un trato muy cercano con las bodegas para una gesti\u00f3n c\u00f3moda y eficiente.<\/h1>\t\t\t\t<\/div>\n\t\t\t\t<\/div>\n\t\t\t\t\t<\/div>\n\t\t\t\t<\/div>\n\t\t<div class=\"elementor-element elementor-element-caf6ee4 e-flex e-con-boxed e-con e-parent\" data-id=\"caf6ee4\" data-element_type=\"container\" data-settings=\"{&quot;background_background&quot;:&quot;classic&quot;}\">\n\t\t\t\t\t<div class=\"e-con-inner\">\n\t\t<div class=\"elementor-element elementor-element-016bcea e-con-full e-flex e-con e-child\" data-id=\"016bcea\" data-element_type=\"container\">\n\t\t\t\t<div class=\"elementor-element elementor-element-3831114 elementor-widget elementor-widget-image\" data-id=\"3831114\" data-element_type=\"widget\" data-widget_type=\"image.default\">\n\t\t\t\t<div class=\"elementor-widget-container\">\n\t\t\t\t\t\t\t\t\t\t\t\t\t\t\t<img decoding=\"async\" width=\"1280\" height=\"992\" src=\"https:\/\/enovitmestre.cat\/wp-content\/uploads\/2025\/06\/tartra_natural.jpg\" class=\"attachment-full size-full wp-image-581\" alt=\"\" srcset=\"https:\/\/enovitmestre.cat\/wp-content\/uploads\/2025\/06\/tartra_natural.jpg 1280w, https:\/\/enovitmestre.cat\/wp-content\/uploads\/2025\/06\/tartra_natural-300x233.jpg 300w, https:\/\/enovitmestre.cat\/wp-content\/uploads\/2025\/06\/tartra_natural-1024x794.jpg 1024w, https:\/\/enovitmestre.cat\/wp-content\/uploads\/2025\/06\/tartra_natural-768x595.jpg 768w\" sizes=\"(max-width: 1280px) 100vw, 1280px\" \/>\t\t\t\t\t\t\t\t\t\t\t\t\t\t\t<\/div>\n\t\t\t\t<\/div>\n\t\t\t\t<\/div>\n\t\t<div class=\"elementor-element elementor-element-be34cba e-con-full e-flex e-con e-child\" data-id=\"be34cba\" data-element_type=\"container\">\n\t\t\t\t<div class=\"elementor-element elementor-element-e1f778f elementor-widget elementor-widget-heading\" data-id=\"e1f778f\" data-element_type=\"widget\" data-widget_type=\"heading.default\">\n\t\t\t\t<div class=\"elementor-widget-container\">\n\t\t\t\t\t<h2 class=\"elementor-heading-title elementor-size-default\">Tartrato natural<\/h2>\t\t\t\t<\/div>\n\t\t\t\t<\/div>\n\t\t\t\t<div class=\"elementor-element elementor-element-90c6657 elementor-widget elementor-widget-text-editor\" data-id=\"90c6657\" data-element_type=\"widget\" data-widget_type=\"text-editor.default\">\n\t\t\t\t<div class=\"elementor-widget-container\">\n\t\t\t\t\t\t\t\t\t<p>El tartrato natural es el nombre que recibe el bitartrato pot\u00e1sico cristalizado que se forma de manera espont\u00e1nea durante la elaboraci\u00f3n del vino, sobre todo cuando el vino se enfr\u00eda. Este proceso, conocido como precipitaci\u00f3n tart\u00e1rica, puede durar semanas o meses, y da lugar a unos cristales s\u00f3lidos que se acumulan en el fondo de los dep\u00f3sitos, las tinas o las botas.<\/p><p>El tartrato natural es un subproducto 100% natural que surge del propio proceso de vinificaci\u00f3n y que, una vez recogido y purificado, se utiliza como materia prima para extraer \u00e1cido tart\u00e1rico, muy valorado en los sectores alimentario, farmac\u00e9utico y enol\u00f3gico. Su correcta gesti\u00f3n permite recuperar un recurso valioso y contribuir a una vitivinicultura m\u00e1s sostenible.<\/p>\t\t\t\t\t\t\t\t<\/div>\n\t\t\t\t<\/div>\n\t\t\t\t<\/div>\n\t\t\t\t\t<\/div>\n\t\t\t\t<\/div>\n\t\t<div class=\"elementor-element elementor-element-204270e e-flex e-con-boxed e-con e-parent\" data-id=\"204270e\" data-element_type=\"container\">\n\t\t\t\t\t<div class=\"e-con-inner\">\n\t\t<div class=\"elementor-element elementor-element-7cfb9d0 e-con-full e-flex e-con e-child\" data-id=\"7cfb9d0\" data-element_type=\"container\">\n\t\t\t\t<div class=\"elementor-element elementor-element-e81456c elementor-widget elementor-widget-image\" data-id=\"e81456c\" data-element_type=\"widget\" data-widget_type=\"image.default\">\n\t\t\t\t<div class=\"elementor-widget-container\">\n\t\t\t\t\t\t\t\t\t\t\t\t\t\t\t<img decoding=\"async\" width=\"1280\" height=\"992\" src=\"https:\/\/enovitmestre.cat\/wp-content\/uploads\/2025\/06\/bitartrat.jpg\" class=\"attachment-full size-full wp-image-579\" alt=\"\" srcset=\"https:\/\/enovitmestre.cat\/wp-content\/uploads\/2025\/06\/bitartrat.jpg 1280w, https:\/\/enovitmestre.cat\/wp-content\/uploads\/2025\/06\/bitartrat-300x233.jpg 300w, https:\/\/enovitmestre.cat\/wp-content\/uploads\/2025\/06\/bitartrat-1024x794.jpg 1024w, https:\/\/enovitmestre.cat\/wp-content\/uploads\/2025\/06\/bitartrat-768x595.jpg 768w\" sizes=\"(max-width: 1280px) 100vw, 1280px\" \/>\t\t\t\t\t\t\t\t\t\t\t\t\t\t\t<\/div>\n\t\t\t\t<\/div>\n\t\t\t\t<\/div>\n\t\t<div class=\"elementor-element elementor-element-e6d4b0e e-con-full e-flex e-con e-child\" data-id=\"e6d4b0e\" data-element_type=\"container\">\n\t\t\t\t<div class=\"elementor-element elementor-element-600823e elementor-widget elementor-widget-heading\" data-id=\"600823e\" data-element_type=\"widget\" data-widget_type=\"heading.default\">\n\t\t\t\t<div class=\"elementor-widget-container\">\n\t\t\t\t\t<h2 class=\"elementor-heading-title elementor-size-default\">Bitartrato<\/h2>\t\t\t\t<\/div>\n\t\t\t\t<\/div>\n\t\t\t\t<div class=\"elementor-element elementor-element-0497e02 elementor-widget elementor-widget-text-editor\" data-id=\"0497e02\" data-element_type=\"widget\" data-widget_type=\"text-editor.default\">\n\t\t\t\t<div class=\"elementor-widget-container\">\n\t\t\t\t\t\t\t\t\t<p>El bitartrato l\u00edquido, tambi\u00e9n llamado tartrato l\u00edquido, es una soluci\u00f3n natural rica en bitartrato pot\u00e1sico, un compuesto que se genera durante el proceso de vinificaci\u00f3n a partir del \u00e1cido tart\u00e1rico presente en la uva. A diferencia del tartrato s\u00f3lido (los cristales que se depositan en el fondo de los dep\u00f3sitos o botas), el tartrato l\u00edquido se encuentra disuelto en forma de l\u00edas o sedimentos fluidos que se generan al final de la fermentaci\u00f3n o durante el trasiego del vino.<\/p><p>Este l\u00edquido puede contener una alta concentraci\u00f3n de bitartratos y es una materia prima valiosa para la extracci\u00f3n de \u00e1cido tart\u00e1rico natural, muy utilizado en la industria alimentaria, farmac\u00e9utica y enol\u00f3gica. Su recogida y gesti\u00f3n adecuadas contribuyen a la sostenibilidad del sector mediante la econom\u00eda circular.<\/p>\t\t\t\t\t\t\t\t<\/div>\n\t\t\t\t<\/div>\n\t\t\t\t<\/div>\n\t\t\t\t\t<\/div>\n\t\t\t\t<\/div>\n\t\t<div class=\"elementor-element elementor-element-94893df e-flex e-con-boxed e-con e-parent\" data-id=\"94893df\" data-element_type=\"container\" data-settings=\"{&quot;background_background&quot;:&quot;classic&quot;}\">\n\t\t\t\t\t<div class=\"e-con-inner\">\n\t\t<div class=\"elementor-element elementor-element-5cf5a5a e-con-full e-flex e-con e-child\" data-id=\"5cf5a5a\" data-element_type=\"container\">\n\t\t\t\t<div class=\"elementor-element elementor-element-c7ecd6d elementor-widget elementor-widget-image\" data-id=\"c7ecd6d\" data-element_type=\"widget\" data-widget_type=\"image.default\">\n\t\t\t\t<div class=\"elementor-widget-container\">\n\t\t\t\t\t\t\t\t\t\t\t\t\t\t\t<img loading=\"lazy\" decoding=\"async\" width=\"1280\" height=\"992\" src=\"https:\/\/enovitmestre.cat\/wp-content\/uploads\/2025\/06\/image.jpg\" class=\"attachment-full size-full wp-image-895\" alt=\"\" srcset=\"https:\/\/enovitmestre.cat\/wp-content\/uploads\/2025\/06\/image.jpg 1280w, https:\/\/enovitmestre.cat\/wp-content\/uploads\/2025\/06\/image-300x233.jpg 300w, https:\/\/enovitmestre.cat\/wp-content\/uploads\/2025\/06\/image-1024x794.jpg 1024w, https:\/\/enovitmestre.cat\/wp-content\/uploads\/2025\/06\/image-768x595.jpg 768w\" sizes=\"(max-width: 1280px) 100vw, 1280px\" \/>\t\t\t\t\t\t\t\t\t\t\t\t\t\t\t<\/div>\n\t\t\t\t<\/div>\n\t\t\t\t<\/div>\n\t\t<div class=\"elementor-element elementor-element-818c329 e-con-full e-flex e-con e-child\" data-id=\"818c329\" data-element_type=\"container\">\n\t\t\t\t<div class=\"elementor-element elementor-element-53ffbb6 elementor-widget elementor-widget-heading\" data-id=\"53ffbb6\" data-element_type=\"widget\" data-widget_type=\"heading.default\">\n\t\t\t\t<div class=\"elementor-widget-container\">\n\t\t\t\t\t<h2 class=\"elementor-heading-title elementor-size-default\">Tartrato de calcio<\/h2>\t\t\t\t<\/div>\n\t\t\t\t<\/div>\n\t\t\t\t<div class=\"elementor-element elementor-element-21ff955 elementor-widget elementor-widget-text-editor\" data-id=\"21ff955\" data-element_type=\"widget\" data-widget_type=\"text-editor.default\">\n\t\t\t\t<div class=\"elementor-widget-container\">\n\t\t\t\t\t\t\t\t\t<p>El tartrato de calcio es una forma de precipitaci\u00f3n controlada de bitartrato pot\u00e1sico obtenida mediante la adici\u00f3n de calcio (hidr\u00f3xido de calcio) a subproductos l\u00edquidos del vino como las l\u00edas o el tartrato l\u00edquido. Esta reacci\u00f3n qu\u00edmica hace que los bitartratos presentes en disoluci\u00f3n se transformen en tartrato c\u00e1lcico, un compuesto s\u00f3lido insoluble que puede ser f\u00e1cilmente recogido y secado.<\/p><p>Este producto representa una v\u00eda eficiente de recuperaci\u00f3n de bitartratos a partir de fracciones l\u00edquidas del proceso de vinificaci\u00f3n. Su obtenci\u00f3n permite aprovechar subproductos que, de otro modo, ser\u00edan dif\u00edciles de gestionar, convirti\u00e9ndolos en una materia \u00fatil para la industria. Adem\u00e1s, el tartrato de calcio es un claro ejemplo de valorizaci\u00f3n de residuos, reforzando as\u00ed el compromiso con la sostenibilidad y la econom\u00eda circular dentro del sector vitivin\u00edcola.<\/p>\t\t\t\t\t\t\t\t<\/div>\n\t\t\t\t<\/div>\n\t\t\t\t<\/div>\n\t\t\t\t\t<\/div>\n\t\t\t\t<\/div>\n\t\t<div class=\"elementor-element elementor-element-6bba83b e-flex e-con-boxed e-con e-parent\" data-id=\"6bba83b\" data-element_type=\"container\" data-settings=\"{&quot;background_background&quot;:&quot;classic&quot;,&quot;shape_divider_bottom&quot;:&quot;triangle&quot;,&quot;shape_divider_bottom_negative&quot;:&quot;yes&quot;}\">\n\t\t\t\t\t<div class=\"e-con-inner\">\n\t\t\t\t<div class=\"elementor-shape elementor-shape-bottom\" aria-hidden=\"true\" data-negative=\"true\">\n\t\t\t<svg xmlns=\"http:\/\/www.w3.org\/2000\/svg\" viewBox=\"0 0 1000 100\" preserveAspectRatio=\"none\">\n\t<path class=\"elementor-shape-fill\" d=\"M500.2,94.7L0,0v100h1000V0L500.2,94.7z\"\/>\n<\/svg>\t\t<\/div>\n\t\t\t\t<div class=\"elementor-element elementor-element-226b5be elementor-widget elementor-widget-heading\" data-id=\"226b5be\" data-element_type=\"widget\" data-widget_type=\"heading.default\">\n\t\t\t\t<div class=\"elementor-widget-container\">\n\t\t\t\t\t<h2 class=\"elementor-heading-title elementor-size-default\">Contacta con nosotros para obtener m\u00e1s informaci\u00f3n<\/h2>\t\t\t\t<\/div>\n\t\t\t\t<\/div>\n\t\t\t\t<div class=\"elementor-element elementor-element-cfdb83c elementor-widget__width-initial elementor-widget elementor-widget-heading\" data-id=\"cfdb83c\" data-element_type=\"widget\" data-widget_type=\"heading.default\">\n\t\t\t\t<div class=\"elementor-widget-container\">\n\t\t\t\t\t<h1 class=\"elementor-heading-title elementor-size-default\">Compramos y recogemos materias tart\u00e1ricas de bodegas en toda Catalu\u00f1a<\/h1>\t\t\t\t<\/div>\n\t\t\t\t<\/div>\n\t\t\t\t\t<\/div>\n\t\t\t\t<\/div>\n\t\t<div class=\"elementor-element elementor-element-1b2d1cd e-flex e-con-boxed e-con e-parent\" data-id=\"1b2d1cd\" data-element_type=\"container\" data-settings=\"{&quot;background_background&quot;:&quot;classic&quot;}\">\n\t\t\t\t\t<div class=\"e-con-inner\">\n\t\t\t\t<div class=\"elementor-element elementor-element-9bc6e71 elementor-button-align-stretch elementor-widget elementor-widget-form\" data-id=\"9bc6e71\" data-element_type=\"widget\" data-settings=\"{&quot;step_next_label&quot;:&quot;Next&quot;,&quot;step_previous_label&quot;:&quot;Previous&quot;,&quot;button_width&quot;:&quot;100&quot;,&quot;step_type&quot;:&quot;number_text&quot;,&quot;step_icon_shape&quot;:&quot;circle&quot;}\" data-widget_type=\"form.default\">\n\t\t\t\t<div class=\"elementor-widget-container\">\n\t\t\t\t\t\t\t<form class=\"elementor-form\" method=\"post\" name=\"Nou formulari\">\n\t\t\t<input type=\"hidden\" name=\"post_id\" value=\"45\"\/>\n\t\t\t<input type=\"hidden\" name=\"form_id\" value=\"9bc6e71\"\/>\n\t\t\t<input type=\"hidden\" name=\"referer_title\" value=\"Enovit Mestre - Compra de tartrato natural, cristales de bitartrato - Enovit Mestre\" \/>\n\n\t\t\t\t\t\t\t<input type=\"hidden\" name=\"queried_id\" value=\"45\"\/>\n\t\t\t\n\t\t\t<div class=\"elementor-form-fields-wrapper elementor-labels-\">\n\t\t\t\t\t\t\t\t<div class=\"elementor-field-type-text elementor-field-group elementor-column elementor-field-group-name elementor-col-50 elementor-field-required\">\n\t\t\t\t\t\t\t\t\t\t\t\t<label for=\"form-field-name\" class=\"elementor-field-label elementor-screen-only\">\n\t\t\t\t\t\t\t\tNom i cognoms\t\t\t\t\t\t\t<\/label>\n\t\t\t\t\t\t\t\t\t\t\t\t\t\t<input size=\"1\" type=\"text\" name=\"form_fields[name]\" id=\"form-field-name\" class=\"elementor-field elementor-size-lg  elementor-field-textual\" placeholder=\"Nombre y apellidos\" required=\"required\">\n\t\t\t\t\t\t\t\t\t\t\t<\/div>\n\t\t\t\t\t\t\t\t<div class=\"elementor-field-type-text elementor-field-group elementor-column elementor-field-group-field_9fc2567 elementor-col-50 elementor-field-required\">\n\t\t\t\t\t\t\t\t\t\t\t\t<label for=\"form-field-field_9fc2567\" class=\"elementor-field-label elementor-screen-only\">\n\t\t\t\t\t\t\t\tPoblaci\u00f3\t\t\t\t\t\t\t<\/label>\n\t\t\t\t\t\t\t\t\t\t\t\t\t\t<input size=\"1\" type=\"text\" name=\"form_fields[field_9fc2567]\" id=\"form-field-field_9fc2567\" class=\"elementor-field elementor-size-lg  elementor-field-textual\" placeholder=\"Poblaci\u00f3n\" required=\"required\">\n\t\t\t\t\t\t\t\t\t\t\t<\/div>\n\t\t\t\t\t\t\t\t<div class=\"elementor-field-type-text elementor-field-group elementor-column elementor-field-group-field_e169ad3 elementor-col-50 elementor-field-required\">\n\t\t\t\t\t\t\t\t\t\t\t\t<label for=\"form-field-field_e169ad3\" class=\"elementor-field-label elementor-screen-only\">\n\t\t\t\t\t\t\t\tTel\u00e8fon\t\t\t\t\t\t\t<\/label>\n\t\t\t\t\t\t\t\t\t\t\t\t\t\t<input size=\"1\" type=\"text\" name=\"form_fields[field_e169ad3]\" id=\"form-field-field_e169ad3\" class=\"elementor-field elementor-size-lg  elementor-field-textual\" placeholder=\"Tel\u00e9fono\" required=\"required\">\n\t\t\t\t\t\t\t\t\t\t\t<\/div>\n\t\t\t\t\t\t\t\t<div class=\"elementor-field-type-email elementor-field-group elementor-column elementor-field-group-email elementor-col-50 elementor-field-required\">\n\t\t\t\t\t\t\t\t\t\t\t\t<label for=\"form-field-email\" class=\"elementor-field-label elementor-screen-only\">\n\t\t\t\t\t\t\t\tCorreu electr\u00f2nic\t\t\t\t\t\t\t<\/label>\n\t\t\t\t\t\t\t\t\t\t\t\t\t\t<input size=\"1\" type=\"email\" name=\"form_fields[email]\" id=\"form-field-email\" class=\"elementor-field elementor-size-lg  elementor-field-textual\" placeholder=\"Correo electr\u00f3nico\" required=\"required\">\n\t\t\t\t\t\t\t\t\t\t\t<\/div>\n\t\t\t\t\t\t\t\t<div class=\"elementor-field-type-textarea elementor-field-group elementor-column elementor-field-group-message elementor-col-100\">\n\t\t\t\t\t\t\t\t\t\t\t\t<label for=\"form-field-message\" class=\"elementor-field-label elementor-screen-only\">\n\t\t\t\t\t\t\t\tMissatge \t\t\t\t\t\t\t<\/label>\n\t\t\t\t\t\t<textarea class=\"elementor-field-textual elementor-field  elementor-size-lg\" name=\"form_fields[message]\" id=\"form-field-message\" rows=\"4\" placeholder=\"Mensaje \"><\/textarea>\t\t\t\t<\/div>\n\t\t\t\t\t\t\t\t<div class=\"elementor-field-type-acceptance elementor-field-group elementor-column elementor-field-group-field_03c618f elementor-col-100\">\n\t\t\t\t\t\t\t<div class=\"elementor-field-subgroup\">\n\t\t\t<span class=\"elementor-field-option\">\n\t\t\t\t<input type=\"checkbox\" name=\"form_fields[field_03c618f]\" id=\"form-field-field_03c618f\" class=\"elementor-field elementor-size-lg  elementor-acceptance-field\">\n\t\t\t\t<label for=\"form-field-field_03c618f\">Acepto la pol\u00edtica de privacidad especificada en el documento de <a href=\"https:\/\/enovitmestre.cat\/es\/politica-de-privacidad-y-proteccion-de-datos\/\" target=\"_blank\">Pol\u00edtica de privacidad y protecci\u00f3n de datos<\/a><\/label>\t\t\t<\/span>\n\t\t<\/div>\n\t\t\t\t\t\t<\/div>\n\t\t\t\t\t\t\t\t<div class=\"elementor-field-type-recaptcha_v3 elementor-field-group elementor-column elementor-field-group-field_7dd78c7 elementor-col-100 recaptcha_v3-bottomright\">\n\t\t\t\t\t<div class=\"elementor-field\" id=\"form-field-field_7dd78c7\"><div class=\"elementor-g-recaptcha\" data-sitekey=\"6LexmVcrAAAAAO7tQzj9AvLa-FVz8y-fT98GVRdf\" data-type=\"v3\" data-action=\"Form\" data-badge=\"bottomright\" data-size=\"invisible\"><\/div><\/div>\t\t\t\t<\/div>\n\t\t\t\t\t\t\t\t<div class=\"elementor-field-group elementor-column elementor-field-type-submit elementor-col-100 e-form__buttons\">\n\t\t\t\t\t<button class=\"elementor-button elementor-size-md\" type=\"submit\">\n\t\t\t\t\t\t<span class=\"elementor-button-content-wrapper\">\n\t\t\t\t\t\t\t\t\t\t\t\t\t\t\t\t\t\t\t\t\t\t<span class=\"elementor-button-text\">Enviar<\/span>\n\t\t\t\t\t\t\t\t\t\t\t\t\t<\/span>\n\t\t\t\t\t<\/button>\n\t\t\t\t<\/div>\n\t\t\t<\/div>\n\t\t<\/form>\n\t\t\t\t\t\t<\/div>\n\t\t\t\t<\/div>\n\t\t\t\t\t<\/div>\n\t\t\t\t<\/div>\n\t\t\t\t<\/div>\n\t\t","protected":false},"excerpt":{"rendered":"<p>Expertos en la gesti\u00f3n de materias tart\u00e1ricas Gestionamos el almacenamiento y la recogida en vuestra bodega En Enovit Mestre ofrecemos un servicio completo de gesti\u00f3n de materias tart\u00e1ricas, adaptado a las necesidades de las bodegas. Suministramos dep\u00f3sitos a medida para facilitar la recogida directa de los subproductos: contenedores IBC de 1.000 litros para formatos l\u00edquidos [&hellip;]<\/p>\n","protected":false},"author":1,"featured_media":0,"parent":0,"menu_order":2,"comment_status":"closed","ping_status":"closed","template":"","meta":{"footnotes":""},"class_list":["post-45","page","type-page","status-publish","hentry"],"_links":{"self":[{"href":"https:\/\/enovitmestre.cat\/es\/wp-json\/wp\/v2\/pages\/45","targetHints":{"allow":["GET"]}}],"collection":[{"href":"https:\/\/enovitmestre.cat\/es\/wp-json\/wp\/v2\/pages"}],"about":[{"href":"https:\/\/enovitmestre.cat\/es\/wp-json\/wp\/v2\/types\/page"}],"author":[{"embeddable":true,"href":"https:\/\/enovitmestre.cat\/es\/wp-json\/wp\/v2\/users\/1"}],"replies":[{"embeddable":true,"href":"https:\/\/enovitmestre.cat\/es\/wp-json\/wp\/v2\/comments?post=45"}],"version-history":[{"count":67,"href":"https:\/\/enovitmestre.cat\/es\/wp-json\/wp\/v2\/pages\/45\/revisions"}],"predecessor-version":[{"id":901,"href":"https:\/\/enovitmestre.cat\/es\/wp-json\/wp\/v2\/pages\/45\/revisions\/901"}],"wp:attachment":[{"href":"https:\/\/enovitmestre.cat\/es\/wp-json\/wp\/v2\/media?parent=45"}],"curies":[{"name":"wp","href":"https:\/\/api.w.org\/{rel}","templated":true}]}}